{"id":909,"date":"2023-11-24T17:38:20","date_gmt":"2023-11-24T17:38:20","guid":{"rendered":"https:\/\/sorayameyer.pt\/?post_type=product&#038;p=909"},"modified":"2025-02-13T12:43:51","modified_gmt":"2025-02-13T12:43:51","slug":"vaso-escultura-tamerza","status":"publish","type":"product","link":"https:\/\/sorayameyer.pt\/index.php\/product\/vaso-escultura-tamerza\/","title":{"rendered":"Vaso Escultura Tamerza"},"content":{"rendered":"<p>Criar cer\u00e2mica \u00e9 criar com os elementos da natureza. \u00c9 um encontro perfeito para a catarse. Das minhas m\u00e3os fiz nascer esta pe\u00e7a apenas com argila e \u00e1gua. Depois dei ao elemento ar a miss\u00e3o de a secar e por fim o fogo, mestre da transforma\u00e7\u00e3o, tornou esta pe\u00e7a s\u00f3lida e resistente.<\/p>\n<p>&#8212;<\/p>\n<p>Esta pe\u00e7a foi esculpida lentamente \u00e0 m\u00e3o e inten\u00e7\u00e3o, com barro de cor bege e pontos castanhos, durante v\u00e1rios dias. Ap\u00f3s secagem foi queimada a alta temperatura sem vidrado.<\/p>\n<p>Esta obra \u00fanica faz parte de uma tr\u00edade de esculturas com uma mensagem muito importante para o mundo. Vivemos uma crise mundial de \u00e1gua. \u00c9 imperativo levar \u00e1gua segura a quem n\u00e3o tem. Atrav\u00e9s da minha vis\u00e3o, arte e voz quero trazer a consci\u00eancia que mais de 785 milh\u00f5es de pessoas n\u00e3o t\u00eam acesso a \u00e1gua pot\u00e1vel. Em 2022, s\u00f3 na Som\u00e1lia, devido a esta escassez, morreram 43 mil pessoas e metade s\u00e3o crian\u00e7as.<br \/>\n\u00c9 imperativo encher jarros com \u00e1gua e levar a quem mais falta mais precisa.<\/p>\n<p>30% da venda desta escultura vai ser doado \u00e0 Thirst Project Portugal. Esta organiza\u00e7\u00e3o tem vindo a construir furos de \u00e1gua pot\u00e1vel em pa\u00edses onde as pessoas est\u00e3o em busca da \u00faltima gota de \u00e1gua.<\/p>\n<p>Dentro da cabe\u00e7a pode ser ainda colocada uma planta. No seu interior tem um orif\u00edcio por onde passa a \u00e1gua que escorre pela garganta.<\/p>\n<p>Escultura enriquecida com detalhes na parte superior da cabe\u00e7a. Duas serpentes e adornamentos.<\/p>\n<p>Num mundo que pede cada vez mais perfei\u00e7\u00e3o eu assumo o toque imperfeito que cada pe\u00e7a feita com as minhas m\u00e3os possa ter.<\/p>\n<p>Planta n\u00e3o inclu\u00edda.<\/p>\n<p>&#8212;<\/p>\n<p>Escultura \u00e0 prova de \u00e1gua.<br \/>\nFeito em Portugal, com amor.<\/p>\n<p>&#8212;<\/p>\n<p>Medidas e peso:<\/p>\n<p>Altura: 13cm<\/p>\n<p>Largura da base: 23.5cm<\/p>\n<p>Peso: 1kg115gr<\/p>\n<p>shipping PT &#8211; 6.90\u20ac\u00a0 \u00a0International &#8211; 18.60\u20ac<\/p>\n","protected":false},"excerpt":{"rendered":"<p>Escultura feita \u00e0 m\u00e3o por Soraya Meyer em barro<\/p>\n<p>Source: <a href=\"http:\/\/sorayameyer.pt\/\" target=\"_blank\" rel=\"noopener\">Soraya Meyer<\/a><\/p>\n","protected":false},"featured_media":910,"template":"","meta":{"_monsterinsights_skip_tracking":false,"_monsterinsights_sitenote_active":false,"_monsterinsights_sitenote_note":"","_monsterinsights_sitenote_category":0,"jetpack_post_was_ever_published":false},"product_cat":[61,32],"product_tag":[103,76,106,74,108,99,111,112,110],"aioseo_notices":[],"_links":{"self":[{"href":"https:\/\/sorayameyer.pt\/index.php\/wp-json\/wp\/v2\/product\/909"}],"collection":[{"href":"https:\/\/sorayameyer.pt\/index.php\/wp-json\/wp\/v2\/product"}],"about":[{"href":"https:\/\/sorayameyer.pt\/index.php\/wp-json\/wp\/v2\/types\/product"}],"wp:featuredmedia":[{"embeddable":true,"href":"https:\/\/sorayameyer.pt\/index.php\/wp-json\/wp\/v2\/media\/910"}],"wp:attachment":[{"href":"https:\/\/sorayameyer.pt\/index.php\/wp-json\/wp\/v2\/media?parent=909"}],"wp:term":[{"taxonomy":"product_cat","embeddable":true,"href":"https:\/\/sorayameyer.pt\/index.php\/wp-json\/wp\/v2\/product_cat?post=909"},{"taxonomy":"product_tag","embeddable":true,"href":"https:\/\/sorayameyer.pt\/index.php\/wp-json\/wp\/v2\/product_tag?post=909"}],"curies":[{"name":"wp","href":"https:\/\/api.w.org\/{rel}","templated":true}]}}