{"id":809,"date":"2023-11-24T14:44:14","date_gmt":"2023-11-24T14:44:14","guid":{"rendered":"https:\/\/sorayameyer.pt\/?post_type=product&#038;p=809"},"modified":"2025-02-13T11:16:26","modified_gmt":"2025-02-13T11:16:26","slug":"jarro-nefta","status":"publish","type":"product","link":"https:\/\/sorayameyer.pt\/index.php\/product\/jarro-nefta\/","title":{"rendered":"Jarro Nefta"},"content":{"rendered":"<p>Criar cer\u00e2mica \u00e9 criar com os elementos da natureza. \u00c9 um encontro perfeito para a catarse. Das minhas m\u00e3os fiz nascer esta pe\u00e7a apenas com argila e \u00e1gua. Depois dei ao elemento ar a miss\u00e3o de a secar e por fim o fogo, mestre da transforma\u00e7\u00e3o, tornou esta pe\u00e7a s\u00f3lida e resistente.<\/p>\n<p>&#8212;<\/p>\n<p>Jarro constru\u00eddo lentamente \u00e0 m\u00e3o e inten\u00e7\u00e3o com a t\u00e9cnica do rolo em argila cor branco. Ap\u00f3s secagem foi queimado em alta temperatura e sem vidrado.<\/p>\n<p>Pe\u00e7a \u00fanica enriquecida com detalhes desenhados inspirados no planeta Terra e na terceira vis\u00e3o. Essa vis\u00e3o que pretende trazer maior consci\u00eancia coletiva ao mundo. Numa sociedade altamente adormecida \u00e9 imperativo acordar do sistema que nos quer colocar uma venda.<\/p>\n<p>Num mundo que pede cada vez mais perfei\u00e7\u00e3o eu assumo o toque imperfeito que cada pe\u00e7a feita com as minhas m\u00e3os possa ter.<\/p>\n<p>&#8212;<\/p>\n<p>Se viajo no tempo as primeiras mem\u00f3rias que tenho de barro e cer\u00e2mica remontam-me \u00e0 Tun\u00edsia. Parte da minha inf\u00e2ncia e adolesc\u00eancia foi passada nesse pa\u00eds do norte de \u00c1frica. Lembro-me de pensar que as cer\u00e2micas que via eram da cor da paisagem daquele pa\u00eds. A terra, a paisagem, os mercados, o deserto, as vilas constru\u00eddas em argila s\u00e3o elementos que me inspiram profundamente na cria\u00e7\u00e3o das minhas pe\u00e7as de cer\u00e2mica. Como tal, para honrar essa inspira\u00e7\u00e3o e esse primeiro contato, a esta pe\u00e7a dei o nome de um lugar na Tun\u00edsia: Nefta.<\/p>\n<p>&#8212;<\/p>\n<p>Os jarros s\u00e3o \u00e0 prova de \u00e1gua.<br \/>\nFeito em Portugal, com amor.<\/p>\n<p>&#8212;<\/p>\n<p>5% da venda desta cer\u00e2mica vai ser doado \u00e0 Thirst Project Portugal. Esta organiza\u00e7\u00e3o tem vindo a construir furos de \u00e1gua pot\u00e1vel em pa\u00edses onde as pessoas est\u00e3o em busca da \u00faltima gota de \u00e1gua.<\/p>\n<p>&#8212;<\/p>\n<p>Medidas e peso:<\/p>\n<p>Altura: 23cm<\/p>\n<p>Largura da base: 14cm<\/p>\n<p>Abertura do gargalo:\u00a0 4cm<\/p>\n<p>Peso: 2kg,538gr<\/p>\n<p>shipping PT &#8211; 14.20\u20ac\u00a0 \u00a0Europa &#8211; 33.05\u20ac Fora Europa: 55.80<\/p>\n","protected":false},"excerpt":{"rendered":"<p>Jarro de barro feito \u00e0 m\u00e3o por Soraya Meyer<\/p>\n<p>Source: <a href=\"http:\/\/sorayameyer.pt\/\" target=\"_blank\" rel=\"noopener\">Soraya Meyer<\/a><\/p>\n","protected":false},"featured_media":810,"template":"","meta":{"_monsterinsights_skip_tracking":false,"_monsterinsights_sitenote_active":false,"_monsterinsights_sitenote_note":"","_monsterinsights_sitenote_category":0,"jetpack_post_was_ever_published":false},"product_cat":[66,55],"product_tag":[103,76,106,74,108,99],"aioseo_notices":[],"_links":{"self":[{"href":"https:\/\/sorayameyer.pt\/index.php\/wp-json\/wp\/v2\/product\/809"}],"collection":[{"href":"https:\/\/sorayameyer.pt\/index.php\/wp-json\/wp\/v2\/product"}],"about":[{"href":"https:\/\/sorayameyer.pt\/index.php\/wp-json\/wp\/v2\/types\/product"}],"wp:featuredmedia":[{"embeddable":true,"href":"https:\/\/sorayameyer.pt\/index.php\/wp-json\/wp\/v2\/media\/810"}],"wp:attachment":[{"href":"https:\/\/sorayameyer.pt\/index.php\/wp-json\/wp\/v2\/media?parent=809"}],"wp:term":[{"taxonomy":"product_cat","embeddable":true,"href":"https:\/\/sorayameyer.pt\/index.php\/wp-json\/wp\/v2\/product_cat?post=809"},{"taxonomy":"product_tag","embeddable":true,"href":"https:\/\/sorayameyer.pt\/index.php\/wp-json\/wp\/v2\/product_tag?post=809"}],"curies":[{"name":"wp","href":"https:\/\/api.w.org\/{rel}","templated":true}]}}