{"id":759,"date":"2023-11-17T23:35:16","date_gmt":"2023-11-17T23:35:16","guid":{"rendered":"https:\/\/sorayameyer.pt\/?post_type=product&#038;p=759"},"modified":"2025-02-13T10:44:09","modified_gmt":"2025-02-13T10:44:09","slug":"mascara-tozeur","status":"publish","type":"product","link":"https:\/\/sorayameyer.pt\/index.php\/product\/mascara-tozeur\/","title":{"rendered":"M\u00e1scara Tozeur"},"content":{"rendered":"<p>Criar cer\u00e2mica \u00e9 criar com os elementos da natureza. \u00c9 um encontro perfeito para a catarse. Das minhas m\u00e3os fiz nascer esta pe\u00e7a apenas com argila e \u00e1gua. Depois dei ao elemento ar a miss\u00e3o de a secar e por fim o fogo, mestre da transforma\u00e7\u00e3o, tornou esta pe\u00e7a s\u00f3lida e resistente.<\/p>\n<p>&#8212;<\/p>\n<p>M\u00e1scara esculpida lentamente \u00e0 m\u00e3o e com inten\u00e7\u00e3o em argila cor laranja terra. Ap\u00f3s secagem foi queimada a alta temperatura.<\/p>\n<p>Por tr\u00e1s desta m\u00e1scara quero lembrar a import\u00e2ncia de cuidarmos do nosso planeta e assim da natureza. N\u00f3s somos parte dela. Quando \u00e9 que perdemos esta conex\u00e3o? Viver em conson\u00e2ncia com a M\u00e3e Terra \u00e9 viver em verdade e respeito por n\u00f3s e por todos os seres vivos. Sejamos condescendentes ao amor por ela e n\u00e3o ao contr\u00e1rio.<\/p>\n<p>Escultura \u00fanica enriquecida com detalhes desenhados.<\/p>\n<p>Num mundo que pede cada vez mais perfei\u00e7\u00e3o eu assumo o toque imperfeito que cada pe\u00e7a feita com as minhas m\u00e3os possa ter.<\/p>\n<p>&#8212;<\/p>\n<p>Se viajo no tempo as primeiras mem\u00f3rias que tenho de barro e cer\u00e2mica remontam-me \u00e0 Tun\u00edsia. Parte da minha inf\u00e2ncia e adolesc\u00eancia foi passada nesse pa\u00eds do norte de \u00c1frica. Lembro-me de pensar que as cer\u00e2micas que via eram da cor da paisagem daquele pa\u00eds. A terra, a paisagem, os mercados, o deserto, as vilas constru\u00eddas em argila s\u00e3o elementos que me inspiram profundamente na cria\u00e7\u00e3o das minhas pe\u00e7as de cer\u00e2mica. Como tal, para honrar essa inspira\u00e7\u00e3o e esse primeiro contato, a esta pe\u00e7a dei o nome de um lugar na Tun\u00edsia: Tozeur.<\/p>\n<p>&#8212;<\/p>\n<p>Feito em Portugal, com amor.<\/p>\n<p>&#8212;<\/p>\n<p>5% da venda desta cer\u00e2mica vai ser doado \u00e0 Thirst Project Portugal. Esta organiza\u00e7\u00e3o tem vindo a construir furos de \u00e1gua pot\u00e1vel em pa\u00edses onde as pessoas est\u00e3o em busca da \u00faltima gota de \u00e1gua.<\/p>\n<p>&#8212;<\/p>\n<p>Medidas e peso:<\/p>\n<p>Altura: 19.5cm<\/p>\n<p>Largura: 17cm<\/p>\n<p>Peso: 755gr<\/p>\n<p>shipping PT &#8211; 6.90\u20ac\u00a0 \u00a0International &#8211; 18.60\u20ac<\/p>\n","protected":false},"excerpt":{"rendered":"<p>M\u00e1scara de barro feita \u00e0 m\u00e3o por Soraya Meyer<\/p>\n<p>Source: <a href=\"http:\/\/sorayameyer.pt\/\" target=\"_blank\" rel=\"noopener\">Soraya Meyer<\/a><\/p>\n","protected":false},"featured_media":764,"template":"","meta":{"_monsterinsights_skip_tracking":false,"_monsterinsights_sitenote_active":false,"_monsterinsights_sitenote_note":"","_monsterinsights_sitenote_category":0,"jetpack_post_was_ever_published":false},"product_cat":[32],"product_tag":[103,76,106,74,99,105],"aioseo_notices":[],"_links":{"self":[{"href":"https:\/\/sorayameyer.pt\/index.php\/wp-json\/wp\/v2\/product\/759"}],"collection":[{"href":"https:\/\/sorayameyer.pt\/index.php\/wp-json\/wp\/v2\/product"}],"about":[{"href":"https:\/\/sorayameyer.pt\/index.php\/wp-json\/wp\/v2\/types\/product"}],"wp:featuredmedia":[{"embeddable":true,"href":"https:\/\/sorayameyer.pt\/index.php\/wp-json\/wp\/v2\/media\/764"}],"wp:attachment":[{"href":"https:\/\/sorayameyer.pt\/index.php\/wp-json\/wp\/v2\/media?parent=759"}],"wp:term":[{"taxonomy":"product_cat","embeddable":true,"href":"https:\/\/sorayameyer.pt\/index.php\/wp-json\/wp\/v2\/product_cat?post=759"},{"taxonomy":"product_tag","embeddable":true,"href":"https:\/\/sorayameyer.pt\/index.php\/wp-json\/wp\/v2\/product_tag?post=759"}],"curies":[{"name":"wp","href":"https:\/\/api.w.org\/{rel}","templated":true}]}}