{"id":2464,"date":"2026-04-21T11:21:21","date_gmt":"2026-04-21T11:21:21","guid":{"rendered":"https:\/\/sorayameyer.pt\/?post_type=product&#038;p=2464"},"modified":"2026-04-21T12:14:32","modified_gmt":"2026-04-21T12:14:32","slug":"colar-de-ceramica-nr-1","status":"publish","type":"product","link":"https:\/\/sorayameyer.pt\/index.php\/product\/colar-de-ceramica-nr-1\/","title":{"rendered":"Colar de Cer\u00e2mica nr 1"},"content":{"rendered":"<p>O c\u00e2ntaro \u00e9 um s\u00edmbolo associado \u00e0 vida, fertilidade e abund\u00e2ncia. O corpo feito de barro jorra \u00e1gua (emo\u00e7\u00f5es).<\/p>\n<p>Constru\u00eddo lentamente \u00e0 m\u00e3o com  argila cor laranja claro.<\/p>\n<p>Ap\u00f3s secagem foi queimado em alta temperatura e sem vidrado.<br \/>\nPe\u00e7a enriquecida com detalhes desenhados.<br \/>\nFio ajust\u00e1vel.<br \/>\nImperfei\u00e7\u00f5es fazem parte de uma pe\u00e7a \u00fanica feita \u00e0 m\u00e3o.<\/p>\n","protected":false},"excerpt":{"rendered":"<p>O c\u00e2ntaro \u00e9 um s\u00edmbolo associado \u00e0 vida, fertilidade e abund\u00e2ncia. O corpo feito de barro jorra \u00e1gua (emo\u00e7\u00f5es). Constru\u00eddo lentamente \u00e0 m\u00e3o com argila cor laranja claro. Ap\u00f3s secagem foi queimado em alta temperatura e sem vidrado. Pe\u00e7a enriquecida com detalhes desenhados. Fio ajust\u00e1vel. Imperfei\u00e7\u00f5es fazem parte de uma pe\u00e7a \u00fanica feita \u00e0 m\u00e3o.<\/p>\n","protected":false},"featured_media":2465,"template":"","meta":{"_monsterinsights_skip_tracking":false,"_monsterinsights_sitenote_active":false,"_monsterinsights_sitenote_note":"","_monsterinsights_sitenote_category":0,"jetpack_post_was_ever_published":false},"product_cat":[68],"product_tag":[103,76,104],"aioseo_notices":[],"_links":{"self":[{"href":"https:\/\/sorayameyer.pt\/index.php\/wp-json\/wp\/v2\/product\/2464"}],"collection":[{"href":"https:\/\/sorayameyer.pt\/index.php\/wp-json\/wp\/v2\/product"}],"about":[{"href":"https:\/\/sorayameyer.pt\/index.php\/wp-json\/wp\/v2\/types\/product"}],"wp:featuredmedia":[{"embeddable":true,"href":"https:\/\/sorayameyer.pt\/index.php\/wp-json\/wp\/v2\/media\/2465"}],"wp:attachment":[{"href":"https:\/\/sorayameyer.pt\/index.php\/wp-json\/wp\/v2\/media?parent=2464"}],"wp:term":[{"taxonomy":"product_cat","embeddable":true,"href":"https:\/\/sorayameyer.pt\/index.php\/wp-json\/wp\/v2\/product_cat?post=2464"},{"taxonomy":"product_tag","embeddable":true,"href":"https:\/\/sorayameyer.pt\/index.php\/wp-json\/wp\/v2\/product_tag?post=2464"}],"curies":[{"name":"wp","href":"https:\/\/api.w.org\/{rel}","templated":true}]}}