{"id":1920,"date":"2025-09-15T09:24:45","date_gmt":"2025-09-15T09:24:45","guid":{"rendered":"https:\/\/sorayameyer.pt\/?post_type=product&#038;p=1920"},"modified":"2025-09-15T09:41:25","modified_gmt":"2025-09-15T09:41:25","slug":"roma-ceramica-colar","status":"publish","type":"product","link":"https:\/\/sorayameyer.pt\/index.php\/product\/roma-ceramica-colar\/","title":{"rendered":"Rom\u00e3 cer\u00e2mica colar"},"content":{"rendered":"<p>Cada rom\u00e3 \u00e9 esculpida \u00e0 m\u00e3o em barro e posteriormente vai ao forno a mais de 1200 graus e assim torna-se uma pe\u00e7a de cer\u00e2mica. <\/p>\n<p>A rom\u00e3 \u00e9 considerada um s\u00edmbolo de fertilidade, prosperidade e abund\u00e2ncia.<br \/>\n\u00c9 um fruto medicinal, representa a sa\u00fade, longevidade e vitalidade. <\/p>\n<p>Rom\u00e3, cora\u00e7\u00e3o da Terra, pulsa em do\u00e7ura. As sementes rubras enchem o c\u00e1lice da vida. Ventre f\u00e9rtil, guarda a promessa do mundo.<\/p>\n","protected":false},"excerpt":{"rendered":"<p>Cada rom\u00e3 \u00e9 esculpida \u00e0 m\u00e3o em barro e posteriormente vai ao forno a mais de 1200 graus e assim torna-se uma pe\u00e7a de cer\u00e2mica. A rom\u00e3 \u00e9 considerada um s\u00edmbolo de fertilidade, prosperidade e abund\u00e2ncia. \u00c9 um fruto medicinal, representa a sa\u00fade, longevidade e vitalidade. Rom\u00e3, cora\u00e7\u00e3o da Terra, pulsa em do\u00e7ura. As sementes [&hellip;]<\/p>\n","protected":false},"featured_media":1900,"template":"","meta":{"_monsterinsights_skip_tracking":false,"_monsterinsights_sitenote_active":false,"_monsterinsights_sitenote_note":"","_monsterinsights_sitenote_category":0,"jetpack_post_was_ever_published":false},"product_cat":[68],"product_tag":[103,76,104],"aioseo_notices":[],"_links":{"self":[{"href":"https:\/\/sorayameyer.pt\/index.php\/wp-json\/wp\/v2\/product\/1920"}],"collection":[{"href":"https:\/\/sorayameyer.pt\/index.php\/wp-json\/wp\/v2\/product"}],"about":[{"href":"https:\/\/sorayameyer.pt\/index.php\/wp-json\/wp\/v2\/types\/product"}],"wp:featuredmedia":[{"embeddable":true,"href":"https:\/\/sorayameyer.pt\/index.php\/wp-json\/wp\/v2\/media\/1900"}],"wp:attachment":[{"href":"https:\/\/sorayameyer.pt\/index.php\/wp-json\/wp\/v2\/media?parent=1920"}],"wp:term":[{"taxonomy":"product_cat","embeddable":true,"href":"https:\/\/sorayameyer.pt\/index.php\/wp-json\/wp\/v2\/product_cat?post=1920"},{"taxonomy":"product_tag","embeddable":true,"href":"https:\/\/sorayameyer.pt\/index.php\/wp-json\/wp\/v2\/product_tag?post=1920"}],"curies":[{"name":"wp","href":"https:\/\/api.w.org\/{rel}","templated":true}]}}