{"id":1549,"date":"2024-03-13T10:55:07","date_gmt":"2024-03-13T10:55:07","guid":{"rendered":"https:\/\/sorayameyer.pt\/?page_id=1549"},"modified":"2024-03-14T13:00:29","modified_gmt":"2024-03-14T13:00:29","slug":"eventos","status":"publish","type":"page","link":"https:\/\/sorayameyer.pt\/index.php\/eventos\/","title":{"rendered":"Eventos"},"content":{"rendered":"<div id=\"pl-1549\"  class=\"panel-layout\" ><div id=\"pg-1549-0\"  class=\"panel-grid panel-has-style\" ><div class=\"siteorigin-panels-stretch panel-row-style panel-row-style-for-1549-0\" data-stretch-type=\"full-stretched\" ><div id=\"pgc-1549-0-0\"  class=\"panel-grid-cell\" ><div id=\"panel-1549-0-0-0\" class=\"so-panel widget widget_primrose-sow-hero-slider panel-first-child panel-last-child\" data-index=\"0\" ><div\n\t\t\t\n\t\t\tclass=\"so-widget-primrose-sow-hero-slider so-widget-primrose-sow-hero-slider-default-d5ac2fc7e6eb-1549\"\n\t\t\t\n\t\t>\t<div class=\"primrose-sow-hero-slider slick\" data-autoplay=\"5000\">\r\n\t\t\t\t\t<div class=\"primrose-sow-hero-slide primrose-sow-hero-slide-0\" style=\"background-color: #f3f3f3;\">\r\n\t\t\t\t<div class=\"primrose-sow-hero-slide-background primrose-sow-background-cover \">\r\n\t\t\t\t\t\r\n\t\t\t\t\t\t\t\t\t\t\t\t<img class=\"primrose-sow-hero-slide-background-image\" alt=\"\"\r\n\t\t\t\t\t\t\t\tsrc=\"https:\/\/sorayameyer.pt\/wp-content\/uploads\/2024\/03\/1.jpg\"\r\n\t\t\t\t\t\t\t\theight=\"1080\"\r\n\t\t\t\t\t\t\t\twidth=\"1920\"\r\n\t\t\t\t\t\t\t\t>\r\n\t\t\t\t\t\t\r\n\t\t\t\t\t\r\n\t\t\t\t<\/div><!-- .primrose-sow-hero-slide-background -->\r\n\r\n\t\t\t\t<div class=\"primrose-sow-hero-slide-overlay\" style=\"background-color: rgba(0,0,0,0.1);\"><\/div>\r\n\r\n\t\t\t\t<div class=\"primrose-sow-hero-slide-content\">\r\n\t\t\t\t\t<div class=\"primrose-sow-hero-slide-content-inner\">\r\n\t\t\t\t\t\t\r\n\t\t\t\t\t\t<div\n\t\t\t\n\t\t\tclass=\"so-widget-primrose-sow-buttons so-widget-primrose-sow-buttons-default-37a6259cc0c1\"\n\t\t\t\n\t\t><\/div>\t\t\t\t\t<\/div>\r\n\t\t\t\t<\/div><!-- .primrose-sow-hero-slide-content -->\r\n\t\t\t\t\r\n\t\t\t<\/div><!-- .primrose-sow-hero-slide -->\r\n\t\t\t<\/div><!-- .primrose-sow-hero-slider -->\r\n<\/div><\/div><\/div><\/div><\/div><div id=\"pg-1549-1\"  class=\"panel-grid panel-no-style\" ><div id=\"pgc-1549-1-0\"  class=\"panel-grid-cell\" ><div id=\"panel-1549-1-0-0\" class=\"so-panel widget widget_sow-editor panel-first-child\" data-index=\"1\" ><div class=\"panel-widget-style panel-widget-style-for-1549-1-0-0\" ><div\n\t\t\t\n\t\t\tclass=\"so-widget-sow-editor so-widget-sow-editor-base\"\n\t\t\t\n\t\t>\n<div class=\"siteorigin-widget-tinymce textwidget\">\n\t<p style=\"text-align: center;\">Retiro Reverdecer \u00e9 um convite de imers\u00e3o ao teu fogo criativo feminino. Aqui vamos relembrar e fortificar a pot\u00eancia dessa centelha que existe dentro de n\u00f3s.<\/p>\n<p class=\"cvGsUA direction-ltr align-center para-style-body\" style=\"text-align: center;\"><span class=\"OYPEnA text-decoration-none text-strikethrough-none\">Durante tr\u00eas dias vamos explorar e estar em contato com pr\u00e1ticas e saberes ancestrais. Atrav\u00e9s da pr\u00e1tica milenar de yoga e medita\u00e7\u00e3o vamos reconectar com o nosso corpo, mente e esp\u00edrito. O c\u00edrculo de mulheres \u00e9 um espa\u00e7o de partilha seguro onde queremos resgatar a mulher selvagem que habita em n\u00f3s. Todos os seres nascem criativos. Com as m\u00e3os no barro, em contato com o elemento terra, que tanto nos enra\u00edza, vamos ter a oportunidade de entender os mist\u00e9rios desse corpo e do nosso fogo criativo. Teremos tamb\u00e9m tempo livre para contemplar a natureza que nos rodeia. <\/span><span class=\"OYPEnA text-decoration-none text-strikethrough-none\">Criar e reivindicar espa\u00e7o para nos ouvirmos \u00e9 imperativo para a busca de autoconhecimento. <\/span><span class=\"OYPEnA text-decoration-none text-strikethrough-none\">Que possamos ser a nossa melhor vers\u00e3o para n\u00f3s e para o mundo.<\/span><\/p>\n<p class=\"cvGsUA direction-ltr align-center para-style-body\" style=\"text-align: center;\"><span class=\"OYPEnA text-decoration-none text-strikethrough-none\">Partilhar estas experi\u00eancias em comunidade enriquece a alma e o esp\u00edrito.<\/span><\/p>\n<\/div>\n<\/div><\/div><\/div><div id=\"panel-1549-1-0-1\" class=\"so-panel widget widget_primrose-sow-buttons panel-last-child\" data-index=\"2\" ><div\n\t\t\t\n\t\t\tclass=\"so-widget-primrose-sow-buttons so-widget-primrose-sow-buttons-default-939602cfe3c9-1549\"\n\t\t\t\n\t\t>\t<div class=\"primrose-sow-buttons primrose-sow-alignment-center\">\r\n\t\t\t\t\t<a href=\"https:\/\/sorayameyer.pt\/wp-content\/uploads\/2024\/03\/Retiro_Reverdecer.pdf\"\r\n\t\t\t\tclass=\"primrose-sow-button primrose-sow-button-0 button anchor-link\"\r\n\t\t\t\t>\r\n\t\t\t\tSabe mais aqui\t\t\t<\/a>\r\n\t\t\t<\/div><!-- .primrose-sow-buttons -->\r\n<\/div><\/div><\/div><\/div><div id=\"pg-1549-2\"  class=\"panel-grid panel-has-style\" ><div class=\"siteorigin-panels-stretch panel-row-style panel-row-style-for-1549-2\" data-stretch-type=\"full-stretched\" ><div id=\"pgc-1549-2-0\"  class=\"panel-grid-cell panel-grid-cell-empty\" ><\/div><\/div><\/div><div id=\"pg-1549-3\"  class=\"panel-grid panel-has-style\" ><div class=\"panel-row-style panel-row-style-for-1549-3\" ><div id=\"pgc-1549-3-0\"  class=\"panel-grid-cell\" ><div id=\"panel-1549-3-0-0\" class=\"so-panel widget widget_primrose-sow-heading panel-first-child\" data-index=\"3\" ><div\n\t\t\t\n\t\t\tclass=\"so-widget-primrose-sow-heading so-widget-primrose-sow-heading-default-d75171398898-1549\"\n\t\t\t\n\t\t><h2 class=\"primrose-sow-heading primrose-sow-alignment-left\">Contactar<\/h2><\/div><\/div><div id=\"panel-1549-3-0-1\" class=\"so-panel widget widget_sow-editor panel-last-child\" data-index=\"4\" ><div\n\t\t\t\n\t\t\tclass=\"so-widget-sow-editor so-widget-sow-editor-base\"\n\t\t\t\n\t\t>\n<div class=\"siteorigin-widget-tinymce textwidget\">\n\t<p><strong>Soraya Meyer Atelier<\/strong><br \/>\nRua Chaimite, n85, 1Esq<br \/>\n4050-193 Porto,<br \/>\nPortugal<\/p>\n<p>+351 937 742 525<br \/>\ninfo@sorayameyer.pt<\/p>\n<\/div>\n<\/div><\/div><\/div><div id=\"pgc-1549-3-1\"  class=\"panel-grid-cell\" ><div id=\"panel-1549-3-1-0\" class=\"so-panel widget widget_sow-editor panel-first-child panel-last-child\" data-index=\"5\" ><div\n\t\t\t\n\t\t\tclass=\"so-widget-sow-editor so-widget-sow-editor-base\"\n\t\t\t\n\t\t>\n<div class=\"siteorigin-widget-tinymce textwidget\">\n\t\n<div class=\"wpcf7 no-js\" id=\"wpcf7-f19-o1\" lang=\"en-US\" dir=\"ltr\">\n<div class=\"screen-reader-response\"><p role=\"status\" aria-live=\"polite\" aria-atomic=\"true\"><\/p> <ul><\/ul><\/div>\n<form action=\"\/index.php\/wp-json\/wp\/v2\/pages\/1549#wpcf7-f19-o1\" method=\"post\" class=\"wpcf7-form init\" aria-label=\"Contact form\" novalidate=\"novalidate\" data-status=\"init\">\n<div style=\"display: none;\">\n<input type=\"hidden\" name=\"_wpcf7\" value=\"19\" \/>\n<input type=\"hidden\" name=\"_wpcf7_version\" value=\"5.8\" \/>\n<input type=\"hidden\" name=\"_wpcf7_locale\" value=\"en_US\" \/>\n<input type=\"hidden\" name=\"_wpcf7_unit_tag\" value=\"wpcf7-f19-o1\" \/>\n<input type=\"hidden\" name=\"_wpcf7_container_post\" value=\"0\" \/>\n<input type=\"hidden\" name=\"_wpcf7_posted_data_hash\" value=\"\" \/>\n<\/div>\n<p>Nome (Obrigat\u00f3rio)\n<\/p>\n<p><span class=\"wpcf7-form-control-wrap\" data-name=\"your-name\"><input size=\"40\" class=\"wpcf7-form-control wpcf7-text wpcf7-validates-as-required\" aria-required=\"true\" aria-invalid=\"false\" value=\"\" type=\"text\" name=\"your-name\" \/><\/span>\n<\/p>\n<p>Seu email (Obrigat\u00f3rio)\n<\/p>\n<p><span class=\"wpcf7-form-control-wrap\" data-name=\"your-email\"><input size=\"40\" class=\"wpcf7-form-control wpcf7-email wpcf7-validates-as-required wpcf7-text wpcf7-validates-as-email\" aria-required=\"true\" aria-invalid=\"false\" value=\"\" type=\"email\" name=\"your-email\" \/><\/span>\n<\/p>\n<p>Assunto\n<\/p>\n<p><span class=\"wpcf7-form-control-wrap\" data-name=\"your-subject\"><input size=\"40\" class=\"wpcf7-form-control wpcf7-text\" aria-invalid=\"false\" value=\"\" type=\"text\" name=\"your-subject\" \/><\/span>\n<\/p>\n<p>Sua mensagem\n<\/p>\n<p><span class=\"wpcf7-form-control-wrap\" data-name=\"your-message\"><textarea cols=\"40\" rows=\"4\" class=\"wpcf7-form-control wpcf7-textarea\" aria-invalid=\"false\" name=\"your-message\"><\/textarea><\/span>\n<\/p>\n<p><input class=\"wpcf7-form-control wpcf7-submit has-spinner\" type=\"submit\" value=\"Enviar\" \/>\n<\/p><p style=\"display: none !important;\"><label>&#916;<textarea name=\"_wpcf7_ak_hp_textarea\" cols=\"45\" rows=\"8\" maxlength=\"100\"><\/textarea><\/label><input type=\"hidden\" id=\"ak_js_1\" name=\"_wpcf7_ak_js\" value=\"152\"\/><script>document.getElementById( \"ak_js_1\" ).setAttribute( \"value\", ( new Date() ).getTime() );<\/script><\/p><div class=\"wpcf7-response-output\" aria-hidden=\"true\"><\/div>\n<\/form>\n<\/div>\n\n<\/div>\n<\/div><\/div><\/div><\/div><\/div><\/div>","protected":false},"excerpt":{"rendered":"<p>Retiro Reverdecer \u00e9 um convite de imers\u00e3o ao teu fogo criativo feminino. Aqui vamos relembrar e fortificar a pot\u00eancia dessa centelha que existe dentro de n\u00f3s. Durante tr\u00eas dias vamos explorar e estar em contato com pr\u00e1ticas e saberes ancestrais. Atrav\u00e9s da pr\u00e1tica milenar de yoga e medita\u00e7\u00e3o vamos reconectar com o nosso corpo, mente [&hellip;]<\/p>\n","protected":false},"author":1,"featured_media":0,"parent":0,"menu_order":0,"comment_status":"closed","ping_status":"closed","template":"page-templates\/blank.php","meta":{"_monsterinsights_skip_tracking":false,"_monsterinsights_sitenote_active":false,"_monsterinsights_sitenote_note":"","_monsterinsights_sitenote_category":0,"jetpack_post_was_ever_published":false,"footnotes":""},"aioseo_notices":[],"_links":{"self":[{"href":"https:\/\/sorayameyer.pt\/index.php\/wp-json\/wp\/v2\/pages\/1549"}],"collection":[{"href":"https:\/\/sorayameyer.pt\/index.php\/wp-json\/wp\/v2\/pages"}],"about":[{"href":"https:\/\/sorayameyer.pt\/index.php\/wp-json\/wp\/v2\/types\/page"}],"author":[{"embeddable":true,"href":"https:\/\/sorayameyer.pt\/index.php\/wp-json\/wp\/v2\/users\/1"}],"replies":[{"embeddable":true,"href":"https:\/\/sorayameyer.pt\/index.php\/wp-json\/wp\/v2\/comments?post=1549"}],"version-history":[{"count":6,"href":"https:\/\/sorayameyer.pt\/index.php\/wp-json\/wp\/v2\/pages\/1549\/revisions"}],"predecessor-version":[{"id":1586,"href":"https:\/\/sorayameyer.pt\/index.php\/wp-json\/wp\/v2\/pages\/1549\/revisions\/1586"}],"wp:attachment":[{"href":"https:\/\/sorayameyer.pt\/index.php\/wp-json\/wp\/v2\/media?parent=1549"}],"curies":[{"name":"wp","href":"https:\/\/api.w.org\/{rel}","templated":true}]}}